{"id":2794,"date":"2022-06-09T09:39:15","date_gmt":"2022-06-09T09:39:15","guid":{"rendered":"http:\/\/uri.org.al\/?page_id=2794"},"modified":"2022-06-09T09:42:38","modified_gmt":"2022-06-09T09:42:38","slug":"politika-e-private%cc%88sise%cc%88","status":"publish","type":"page","link":"https:\/\/uri.org.al\/sq\/politika-e-private%cc%88sise%cc%88\/","title":{"rendered":"Politika e Private\u0308sise\u0308"},"content":{"rendered":"\n<p>Instituti i K\u00ebrkimeve Urbane (IKU) angazhohet t\u00eb respektoj\u00eb privat\u00ebsin\u00eb dhe informacionin tuaj personal bazuar n\u00eb ligjin nr. 9887\/2008 \u201cP\u00ebr mbrojtjen e t\u00eb dh\u00ebnave personale\u201d. Kjo politik\u00eb e privat\u00ebsis\u00eb rregullon p\u00ebrpunimin e informacionit tuaj personal t\u00eb mbledhur p\u00ebrmes faqes s\u00eb internetit t\u00eb vendosur n\u00eb <a href=\"https:\/\/uri.org.al\/\">uri.org.al<\/a>. Duke p\u00ebrdorur faqen ton\u00eb t\u00eb internetit, ju pranoni kushtet e k\u00ebsaj politike t\u00eb privat\u00ebsis\u00eb.<\/p>\n\n\n\n<p>IKU mbledh vet\u00ebm t\u00eb dh\u00ebnat q\u00eb jan\u00eb t\u00eb nevojshme p\u00ebr t\u00eb ofruar sh\u00ebrbimet e tij. Informacioni personal q\u00eb mblidhet p\u00ebrmes faqes s\u00eb internetit mund t\u00eb p\u00ebrfshij\u00eb informacionin e kontaktit q\u00eb na lejon t\u00eb identifikojm\u00eb dhe t\u00eb komunikojm\u00eb me ju, duke p\u00ebrfshir\u00eb emrin, adres\u00ebn e email-it, adres\u00ebn e post\u00ebs dhe numrin e telefonit, dhe jo vet\u00ebm.<\/p>\n\n\n\n<p>Ne mund t\u2019ua zbulojm\u00eb informacionin tuaj personal punonj\u00ebsve, kontraktor\u00ebve, konsulent\u00ebve tan\u00eb, ofruesve t\u00eb sh\u00ebrbimeve dhe pal\u00ebve t\u00eb tjera p\u00ebrkat\u00ebse q\u00eb k\u00ebrkojn\u00eb nj\u00eb informacion t\u00eb till\u00eb p\u00ebr t\u00eb na ndihmuar n\u00eb menaxhimin e marr\u00ebdh\u00ebnieve tona me ju dhe operimin e organizat\u00ebs son\u00eb, duke p\u00ebrfshir\u00eb pal\u00ebt e treta q\u00eb ofrojn\u00eb sh\u00ebrbime p\u00ebr ne ose n\u00eb emrin ton\u00eb.<\/p>\n\n\n\n<p>Ne e p\u00ebrdorim k\u00ebt\u00eb informacion p\u00ebr:<\/p>\n\n\n\n<ul class=\"wp-block-list\"><li>T\u00eb monitoruar dhe analizuar angazhimin, p\u00ebrdorimin dhe tendencat;<\/li><li>T\u2019iu d\u00ebrguar vizitor\u00ebve mesazhe, duke p\u00ebrfshir\u00eb edhe post\u00ebn elektronike;<\/li><li>T\u00eb njoftuar vizitor\u00ebt p\u00ebr p\u00ebrdit\u00ebsime t\u00eb r\u00ebnd\u00ebsishme;<\/li><li>T\u2019iu p\u00ebrgjigjur k\u00ebrkesave, pyetjeve, komenteve ose shqet\u00ebsimeve t\u00eb vizitor\u00ebve. <\/li><\/ul>\n\n\n\n<p>IKU rezervon t\u00eb drejt\u00ebn p\u00ebr t\u00eb modifikuar dhe ndryshuar k\u00ebt\u00eb Politik\u00eb t\u00eb Privat\u00ebsis\u00eb, pa njoftim paraprak, p\u00ebr t\u00eb pasqyruar p\u00ebrparimet teknologjike, ndryshimet ligjore dhe rregullatore dhe praktikat e mira. T\u00eb gjitha p\u00ebrdit\u00ebsimet e politik\u00ebs son\u00eb t\u00eb privat\u00ebsis\u00eb do t\u00eb postohen n\u00eb k\u00ebt\u00eb faqe web-i. <\/p>\n\n\n\n<p>Ju mund t\u00eb t\u00ebrhiqni p\u00eblqimin tuaj p\u00ebr ndarjen e t\u00eb dh\u00ebnave tuaja personale n\u00eb \u00e7do koh\u00eb, duke na kontaktuar n\u00eb <a href=\"mailto:info@uri.org.al\">info@uri.org.al<\/a>.<\/p>\n","protected":false},"excerpt":{"rendered":"<p>Instituti i K\u00ebrkimeve Urbane (IKU) angazhohet t\u00eb respektoj\u00eb privat\u00ebsin\u00eb dhe informacionin tuaj personal bazuar n\u00eb ligjin nr. 9887\/2008 \u201cP\u00ebr mbrojtjen e t\u00eb dh\u00ebnave personale\u201d. Kjo politik\u00eb e privat\u00ebsis\u00eb rregullon p\u00ebrpunimin e informacionit tuaj personal t\u00eb mbledhur p\u00ebrmes faqes s\u00eb internetit t\u00eb vendosur n\u00eb uri.org.al. Duke p\u00ebrdorur faqen ton\u00eb t\u00eb internetit, ju pranoni kushtet e k\u00ebsaj [&hellip;]<\/p>\n","protected":false},"author":1,"featured_media":0,"parent":0,"menu_order":0,"comment_status":"closed","ping_status":"open","template":"page-privacy.php","meta":{"_acf_changed":false,"footnotes":""},"class_list":["post-2794","page","type-page","status-publish","hentry"],"acf":[],"yoast_head":"<!-- This site is optimized with the Yoast SEO plugin v27.3 - https:\/\/yoast.com\/product\/yoast-seo-wordpress\/ -->\n<title>Politika e Private\u0308sise\u0308 &#8226; Urban Research Institute<\/title>\n<meta name=\"robots\" content=\"index, follow, max-snippet:-1, max-image-preview:large, max-video-preview:-1\" \/>\n<link rel=\"canonical\" href=\"http:\/\/uri.org.al\/sq\/politika-e-private\u0308sise\u0308\/\" \/>\n<meta property=\"og:locale\" content=\"sq_AL\" \/>\n<meta property=\"og:type\" content=\"article\" \/>\n<meta property=\"og:title\" content=\"Politika e Private\u0308sise\u0308 &#8226; Urban Research Institute\" \/>\n<meta property=\"og:description\" content=\"Instituti i K\u00ebrkimeve Urbane (IKU) angazhohet t\u00eb respektoj\u00eb privat\u00ebsin\u00eb dhe informacionin tuaj personal bazuar n\u00eb ligjin nr. 9887\/2008 \u201cP\u00ebr mbrojtjen e t\u00eb dh\u00ebnave personale\u201d. Kjo politik\u00eb e privat\u00ebsis\u00eb rregullon p\u00ebrpunimin e informacionit tuaj personal t\u00eb mbledhur p\u00ebrmes faqes s\u00eb internetit t\u00eb vendosur n\u00eb uri.org.al. Duke p\u00ebrdorur faqen ton\u00eb t\u00eb internetit, ju pranoni kushtet e k\u00ebsaj [&hellip;]\" \/>\n<meta property=\"og:url\" content=\"http:\/\/uri.org.al\/sq\/politika-e-private\u0308sise\u0308\/\" \/>\n<meta property=\"og:site_name\" content=\"Urban Research Institute\" \/>\n<meta property=\"article:publisher\" content=\"https:\/\/www.facebook.com\/UrbanResearchInstitute\" \/>\n<meta property=\"article:modified_time\" content=\"2022-06-09T09:42:38+00:00\" \/>\n<meta property=\"og:image\" content=\"https:\/\/uri.org.al\/wp-content\/uploads\/2024\/02\/seo-logo.png\" \/>\n\t<meta property=\"og:image:width\" content=\"1200\" \/>\n\t<meta property=\"og:image:height\" content=\"675\" \/>\n\t<meta property=\"og:image:type\" content=\"image\/png\" \/>\n<meta name=\"twitter:card\" content=\"summary_large_image\" \/>\n<meta name=\"twitter:label1\" content=\"Est. reading time\" \/>\n\t<meta name=\"twitter:data1\" content=\"2 minutes\" \/>\n<script type=\"application\/ld+json\" class=\"yoast-schema-graph\">{\"@context\":\"https:\\\/\\\/schema.org\",\"@graph\":[{\"@type\":\"WebPage\",\"@id\":\"http:\\\/\\\/uri.org.al\\\/sq\\\/politika-e-private%cc%88sise%cc%88\\\/\",\"url\":\"http:\\\/\\\/uri.org.al\\\/sq\\\/politika-e-private%cc%88sise%cc%88\\\/\",\"name\":\"Politika e Private\u0308sise\u0308 &#8226; Urban Research Institute\",\"isPartOf\":{\"@id\":\"https:\\\/\\\/uri.org.al\\\/#website\"},\"datePublished\":\"2022-06-09T09:39:15+00:00\",\"dateModified\":\"2022-06-09T09:42:38+00:00\",\"breadcrumb\":{\"@id\":\"http:\\\/\\\/uri.org.al\\\/sq\\\/politika-e-private%cc%88sise%cc%88\\\/#breadcrumb\"},\"inLanguage\":\"sq-AL\",\"potentialAction\":[{\"@type\":\"ReadAction\",\"target\":[\"http:\\\/\\\/uri.org.al\\\/sq\\\/politika-e-private%cc%88sise%cc%88\\\/\"]}]},{\"@type\":\"BreadcrumbList\",\"@id\":\"http:\\\/\\\/uri.org.al\\\/sq\\\/politika-e-private%cc%88sise%cc%88\\\/#breadcrumb\",\"itemListElement\":[{\"@type\":\"ListItem\",\"position\":1,\"name\":\"Home\",\"item\":\"https:\\\/\\\/uri.org.al\\\/sq\\\/\"},{\"@type\":\"ListItem\",\"position\":2,\"name\":\"Politika e Private\u0308sise\u0308\"}]},{\"@type\":\"WebSite\",\"@id\":\"https:\\\/\\\/uri.org.al\\\/#website\",\"url\":\"https:\\\/\\\/uri.org.al\\\/\",\"name\":\"Urban Research Institute\",\"description\":\"\",\"publisher\":{\"@id\":\"https:\\\/\\\/uri.org.al\\\/#organization\"},\"potentialAction\":[{\"@type\":\"SearchAction\",\"target\":{\"@type\":\"EntryPoint\",\"urlTemplate\":\"https:\\\/\\\/uri.org.al\\\/?s={search_term_string}\"},\"query-input\":{\"@type\":\"PropertyValueSpecification\",\"valueRequired\":true,\"valueName\":\"search_term_string\"}}],\"inLanguage\":\"sq-AL\"},{\"@type\":\"Organization\",\"@id\":\"https:\\\/\\\/uri.org.al\\\/#organization\",\"name\":\"Urban Research Institute\",\"alternateName\":\"URI\",\"url\":\"https:\\\/\\\/uri.org.al\\\/\",\"logo\":{\"@type\":\"ImageObject\",\"inLanguage\":\"sq-AL\",\"@id\":\"https:\\\/\\\/uri.org.al\\\/#\\\/schema\\\/logo\\\/image\\\/\",\"url\":\"https:\\\/\\\/uri.org.al\\\/wp-content\\\/uploads\\\/2024\\\/02\\\/square-logo-seo.png\",\"contentUrl\":\"https:\\\/\\\/uri.org.al\\\/wp-content\\\/uploads\\\/2024\\\/02\\\/square-logo-seo.png\",\"width\":525,\"height\":525,\"caption\":\"Urban Research Institute\"},\"image\":{\"@id\":\"https:\\\/\\\/uri.org.al\\\/#\\\/schema\\\/logo\\\/image\\\/\"},\"sameAs\":[\"https:\\\/\\\/www.facebook.com\\\/UrbanResearchInstitute\",\"https:\\\/\\\/www.instagram.com\\\/urban_research_institute\\\/\",\"https:\\\/\\\/al.linkedin.com\\\/company\\\/urban-research-institute\"]}]}<\/script>\n<!-- \/ Yoast SEO plugin. -->","yoast_head_json":{"title":"Politika e Private\u0308sise\u0308 &#8226; Urban Research Institute","robots":{"index":"index","follow":"follow","max-snippet":"max-snippet:-1","max-image-preview":"max-image-preview:large","max-video-preview":"max-video-preview:-1"},"canonical":"http:\/\/uri.org.al\/sq\/politika-e-private\u0308sise\u0308\/","og_locale":"sq_AL","og_type":"article","og_title":"Politika e Private\u0308sise\u0308 &#8226; Urban Research Institute","og_description":"Instituti i K\u00ebrkimeve Urbane (IKU) angazhohet t\u00eb respektoj\u00eb privat\u00ebsin\u00eb dhe informacionin tuaj personal bazuar n\u00eb ligjin nr. 9887\/2008 \u201cP\u00ebr mbrojtjen e t\u00eb dh\u00ebnave personale\u201d. Kjo politik\u00eb e privat\u00ebsis\u00eb rregullon p\u00ebrpunimin e informacionit tuaj personal t\u00eb mbledhur p\u00ebrmes faqes s\u00eb internetit t\u00eb vendosur n\u00eb uri.org.al. Duke p\u00ebrdorur faqen ton\u00eb t\u00eb internetit, ju pranoni kushtet e k\u00ebsaj [&hellip;]","og_url":"http:\/\/uri.org.al\/sq\/politika-e-private\u0308sise\u0308\/","og_site_name":"Urban Research Institute","article_publisher":"https:\/\/www.facebook.com\/UrbanResearchInstitute","article_modified_time":"2022-06-09T09:42:38+00:00","og_image":[{"width":1200,"height":675,"url":"https:\/\/uri.org.al\/wp-content\/uploads\/2024\/02\/seo-logo.png","type":"image\/png"}],"twitter_card":"summary_large_image","twitter_misc":{"Est. reading time":"2 minutes"},"schema":{"@context":"https:\/\/schema.org","@graph":[{"@type":"WebPage","@id":"http:\/\/uri.org.al\/sq\/politika-e-private%cc%88sise%cc%88\/","url":"http:\/\/uri.org.al\/sq\/politika-e-private%cc%88sise%cc%88\/","name":"Politika e Private\u0308sise\u0308 &#8226; Urban Research Institute","isPartOf":{"@id":"https:\/\/uri.org.al\/#website"},"datePublished":"2022-06-09T09:39:15+00:00","dateModified":"2022-06-09T09:42:38+00:00","breadcrumb":{"@id":"http:\/\/uri.org.al\/sq\/politika-e-private%cc%88sise%cc%88\/#breadcrumb"},"inLanguage":"sq-AL","potentialAction":[{"@type":"ReadAction","target":["http:\/\/uri.org.al\/sq\/politika-e-private%cc%88sise%cc%88\/"]}]},{"@type":"BreadcrumbList","@id":"http:\/\/uri.org.al\/sq\/politika-e-private%cc%88sise%cc%88\/#breadcrumb","itemListElement":[{"@type":"ListItem","position":1,"name":"Home","item":"https:\/\/uri.org.al\/sq\/"},{"@type":"ListItem","position":2,"name":"Politika e Private\u0308sise\u0308"}]},{"@type":"WebSite","@id":"https:\/\/uri.org.al\/#website","url":"https:\/\/uri.org.al\/","name":"Urban Research Institute","description":"","publisher":{"@id":"https:\/\/uri.org.al\/#organization"},"potentialAction":[{"@type":"SearchAction","target":{"@type":"EntryPoint","urlTemplate":"https:\/\/uri.org.al\/?s={search_term_string}"},"query-input":{"@type":"PropertyValueSpecification","valueRequired":true,"valueName":"search_term_string"}}],"inLanguage":"sq-AL"},{"@type":"Organization","@id":"https:\/\/uri.org.al\/#organization","name":"Urban Research Institute","alternateName":"URI","url":"https:\/\/uri.org.al\/","logo":{"@type":"ImageObject","inLanguage":"sq-AL","@id":"https:\/\/uri.org.al\/#\/schema\/logo\/image\/","url":"https:\/\/uri.org.al\/wp-content\/uploads\/2024\/02\/square-logo-seo.png","contentUrl":"https:\/\/uri.org.al\/wp-content\/uploads\/2024\/02\/square-logo-seo.png","width":525,"height":525,"caption":"Urban Research Institute"},"image":{"@id":"https:\/\/uri.org.al\/#\/schema\/logo\/image\/"},"sameAs":["https:\/\/www.facebook.com\/UrbanResearchInstitute","https:\/\/www.instagram.com\/urban_research_institute\/","https:\/\/al.linkedin.com\/company\/urban-research-institute"]}]}},"_links":{"self":[{"href":"https:\/\/uri.org.al\/sq\/wp-json\/wp\/v2\/pages\/2794","targetHints":{"allow":["GET"]}}],"collection":[{"href":"https:\/\/uri.org.al\/sq\/wp-json\/wp\/v2\/pages"}],"about":[{"href":"https:\/\/uri.org.al\/sq\/wp-json\/wp\/v2\/types\/page"}],"author":[{"embeddable":true,"href":"https:\/\/uri.org.al\/sq\/wp-json\/wp\/v2\/users\/1"}],"replies":[{"embeddable":true,"href":"https:\/\/uri.org.al\/sq\/wp-json\/wp\/v2\/comments?post=2794"}],"version-history":[{"count":3,"href":"https:\/\/uri.org.al\/sq\/wp-json\/wp\/v2\/pages\/2794\/revisions"}],"predecessor-version":[{"id":2798,"href":"https:\/\/uri.org.al\/sq\/wp-json\/wp\/v2\/pages\/2794\/revisions\/2798"}],"wp:attachment":[{"href":"https:\/\/uri.org.al\/sq\/wp-json\/wp\/v2\/media?parent=2794"}],"curies":[{"name":"wp","href":"https:\/\/api.w.org\/{rel}","templated":true}]}}