{"id":2802,"date":"2022-06-09T09:49:21","date_gmt":"2022-06-09T09:49:21","guid":{"rendered":"http:\/\/uri.org.al\/?page_id=2802"},"modified":"2022-06-09T09:49:24","modified_gmt":"2022-06-09T09:49:24","slug":"mohim-i-pe%cc%88rgjegje%cc%88sise%cc%88","status":"publish","type":"page","link":"https:\/\/uri.org.al\/sq\/mohim-i-pe%cc%88rgjegje%cc%88sise%cc%88\/","title":{"rendered":"Mohim i Pe\u0308rgjegje\u0308sise\u0308"},"content":{"rendered":"\n<p>Kjo faqe interneti dhe informacioni i pasqyruar jan\u00eb publikim i Institutit Urban t\u00eb K\u00ebrkimeve (IKU).<\/p>\n\n\n\n<p>I gjith\u00eb informacioni n\u00eb k\u00ebt\u00eb faqe interneti ofrohet vet\u00ebm p\u00ebr q\u00ebllime t\u00eb p\u00ebrgjithshme informative dhe edukative dhe nuk \u00ebsht\u00eb nj\u00eb z\u00ebvend\u00ebsues i k\u00ebshillave profesionale.<\/p>\n\n\n\n<p>P\u00ebrpara se t\u00eb nd\u00ebrmerrni ndonj\u00eb veprim bazuar n\u00eb nj\u00eb informacion t\u00eb till\u00eb, ju inkurajojm\u00eb t\u00eb konsultoheni me profesionist\u00ebt e duhur. \u00c7do veprim q\u00eb nd\u00ebrmerrni mbi informacionin n\u00eb faqen ton\u00eb t\u00eb internetit \u00ebsht\u00eb plot\u00ebsisht n\u00eb p\u00ebrgjegj\u00ebsin\u00eb tuaj dhe ne nuk do t\u00eb jemi p\u00ebrgjegj\u00ebs p\u00ebr asnj\u00eb humbje ose d\u00ebmtim n\u00eb lidhje me p\u00ebrdorimin e faqes son\u00eb t\u00eb internetit.<\/p>\n\n\n\n<p>IKU respekton pron\u00ebsin\u00eb intelektuale t\u00eb t\u00eb tjer\u00ebve dhe k\u00ebrkon q\u00eb p\u00ebrdoruesit e faqes son\u00eb t\u00eb b\u00ebjn\u00eb t\u00eb nj\u00ebjt\u00ebn gj\u00eb.<\/p>\n","protected":false},"excerpt":{"rendered":"<p>Kjo faqe interneti dhe informacioni i pasqyruar jan\u00eb publikim i Institutit Urban t\u00eb K\u00ebrkimeve (IKU). I gjith\u00eb informacioni n\u00eb k\u00ebt\u00eb faqe interneti ofrohet vet\u00ebm p\u00ebr q\u00ebllime t\u00eb p\u00ebrgjithshme informative dhe edukative dhe nuk \u00ebsht\u00eb nj\u00eb z\u00ebvend\u00ebsues i k\u00ebshillave profesionale. P\u00ebrpara se t\u00eb nd\u00ebrmerrni ndonj\u00eb veprim bazuar n\u00eb nj\u00eb informacion t\u00eb till\u00eb, ju inkurajojm\u00eb t\u00eb konsultoheni [&hellip;]<\/p>\n","protected":false},"author":1,"featured_media":0,"parent":0,"menu_order":0,"comment_status":"closed","ping_status":"closed","template":"page-privacy.php","meta":{"_acf_changed":false,"footnotes":""},"class_list":["post-2802","page","type-page","status-publish","hentry"],"acf":[],"yoast_head":"<!-- This site is optimized with the Yoast SEO plugin v27.3 - https:\/\/yoast.com\/product\/yoast-seo-wordpress\/ -->\n<title>Mohim i Pe\u0308rgjegje\u0308sise\u0308 &#8226; Urban Research Institute<\/title>\n<meta name=\"robots\" content=\"index, follow, max-snippet:-1, max-image-preview:large, max-video-preview:-1\" \/>\n<link rel=\"canonical\" href=\"http:\/\/uri.org.al\/sq\/mohim-i-pe\u0308rgjegje\u0308sise\u0308\/\" \/>\n<meta property=\"og:locale\" content=\"sq_AL\" \/>\n<meta property=\"og:type\" content=\"article\" \/>\n<meta property=\"og:title\" content=\"Mohim i Pe\u0308rgjegje\u0308sise\u0308 &#8226; Urban Research Institute\" \/>\n<meta property=\"og:description\" content=\"Kjo faqe interneti dhe informacioni i pasqyruar jan\u00eb publikim i Institutit Urban t\u00eb K\u00ebrkimeve (IKU). I gjith\u00eb informacioni n\u00eb k\u00ebt\u00eb faqe interneti ofrohet vet\u00ebm p\u00ebr q\u00ebllime t\u00eb p\u00ebrgjithshme informative dhe edukative dhe nuk \u00ebsht\u00eb nj\u00eb z\u00ebvend\u00ebsues i k\u00ebshillave profesionale. P\u00ebrpara se t\u00eb nd\u00ebrmerrni ndonj\u00eb veprim bazuar n\u00eb nj\u00eb informacion t\u00eb till\u00eb, ju inkurajojm\u00eb t\u00eb konsultoheni [&hellip;]\" \/>\n<meta property=\"og:url\" content=\"http:\/\/uri.org.al\/sq\/mohim-i-pe\u0308rgjegje\u0308sise\u0308\/\" \/>\n<meta property=\"og:site_name\" content=\"Urban Research Institute\" \/>\n<meta property=\"article:publisher\" content=\"https:\/\/www.facebook.com\/UrbanResearchInstitute\" \/>\n<meta property=\"article:modified_time\" content=\"2022-06-09T09:49:24+00:00\" \/>\n<meta property=\"og:image\" content=\"https:\/\/uri.org.al\/wp-content\/uploads\/2024\/02\/seo-logo.png\" \/>\n\t<meta property=\"og:image:width\" content=\"1200\" \/>\n\t<meta property=\"og:image:height\" content=\"675\" \/>\n\t<meta property=\"og:image:type\" content=\"image\/png\" \/>\n<meta name=\"twitter:card\" content=\"summary_large_image\" \/>\n<meta name=\"twitter:label1\" content=\"Est. reading time\" \/>\n\t<meta name=\"twitter:data1\" content=\"1 minute\" \/>\n<script type=\"application\/ld+json\" class=\"yoast-schema-graph\">{\"@context\":\"https:\\\/\\\/schema.org\",\"@graph\":[{\"@type\":\"WebPage\",\"@id\":\"http:\\\/\\\/uri.org.al\\\/sq\\\/mohim-i-pe%cc%88rgjegje%cc%88sise%cc%88\\\/\",\"url\":\"http:\\\/\\\/uri.org.al\\\/sq\\\/mohim-i-pe%cc%88rgjegje%cc%88sise%cc%88\\\/\",\"name\":\"Mohim i Pe\u0308rgjegje\u0308sise\u0308 &#8226; Urban Research Institute\",\"isPartOf\":{\"@id\":\"https:\\\/\\\/uri.org.al\\\/#website\"},\"datePublished\":\"2022-06-09T09:49:21+00:00\",\"dateModified\":\"2022-06-09T09:49:24+00:00\",\"breadcrumb\":{\"@id\":\"http:\\\/\\\/uri.org.al\\\/sq\\\/mohim-i-pe%cc%88rgjegje%cc%88sise%cc%88\\\/#breadcrumb\"},\"inLanguage\":\"sq-AL\",\"potentialAction\":[{\"@type\":\"ReadAction\",\"target\":[\"http:\\\/\\\/uri.org.al\\\/sq\\\/mohim-i-pe%cc%88rgjegje%cc%88sise%cc%88\\\/\"]}]},{\"@type\":\"BreadcrumbList\",\"@id\":\"http:\\\/\\\/uri.org.al\\\/sq\\\/mohim-i-pe%cc%88rgjegje%cc%88sise%cc%88\\\/#breadcrumb\",\"itemListElement\":[{\"@type\":\"ListItem\",\"position\":1,\"name\":\"Home\",\"item\":\"https:\\\/\\\/uri.org.al\\\/sq\\\/\"},{\"@type\":\"ListItem\",\"position\":2,\"name\":\"Mohim i Pe\u0308rgjegje\u0308sise\u0308\"}]},{\"@type\":\"WebSite\",\"@id\":\"https:\\\/\\\/uri.org.al\\\/#website\",\"url\":\"https:\\\/\\\/uri.org.al\\\/\",\"name\":\"Urban Research Institute\",\"description\":\"\",\"publisher\":{\"@id\":\"https:\\\/\\\/uri.org.al\\\/#organization\"},\"potentialAction\":[{\"@type\":\"SearchAction\",\"target\":{\"@type\":\"EntryPoint\",\"urlTemplate\":\"https:\\\/\\\/uri.org.al\\\/?s={search_term_string}\"},\"query-input\":{\"@type\":\"PropertyValueSpecification\",\"valueRequired\":true,\"valueName\":\"search_term_string\"}}],\"inLanguage\":\"sq-AL\"},{\"@type\":\"Organization\",\"@id\":\"https:\\\/\\\/uri.org.al\\\/#organization\",\"name\":\"Urban Research Institute\",\"alternateName\":\"URI\",\"url\":\"https:\\\/\\\/uri.org.al\\\/\",\"logo\":{\"@type\":\"ImageObject\",\"inLanguage\":\"sq-AL\",\"@id\":\"https:\\\/\\\/uri.org.al\\\/#\\\/schema\\\/logo\\\/image\\\/\",\"url\":\"https:\\\/\\\/uri.org.al\\\/wp-content\\\/uploads\\\/2024\\\/02\\\/square-logo-seo.png\",\"contentUrl\":\"https:\\\/\\\/uri.org.al\\\/wp-content\\\/uploads\\\/2024\\\/02\\\/square-logo-seo.png\",\"width\":525,\"height\":525,\"caption\":\"Urban Research Institute\"},\"image\":{\"@id\":\"https:\\\/\\\/uri.org.al\\\/#\\\/schema\\\/logo\\\/image\\\/\"},\"sameAs\":[\"https:\\\/\\\/www.facebook.com\\\/UrbanResearchInstitute\",\"https:\\\/\\\/www.instagram.com\\\/urban_research_institute\\\/\",\"https:\\\/\\\/al.linkedin.com\\\/company\\\/urban-research-institute\"]}]}<\/script>\n<!-- \/ Yoast SEO plugin. -->","yoast_head_json":{"title":"Mohim i Pe\u0308rgjegje\u0308sise\u0308 &#8226; Urban Research Institute","robots":{"index":"index","follow":"follow","max-snippet":"max-snippet:-1","max-image-preview":"max-image-preview:large","max-video-preview":"max-video-preview:-1"},"canonical":"http:\/\/uri.org.al\/sq\/mohim-i-pe\u0308rgjegje\u0308sise\u0308\/","og_locale":"sq_AL","og_type":"article","og_title":"Mohim i Pe\u0308rgjegje\u0308sise\u0308 &#8226; Urban Research Institute","og_description":"Kjo faqe interneti dhe informacioni i pasqyruar jan\u00eb publikim i Institutit Urban t\u00eb K\u00ebrkimeve (IKU). I gjith\u00eb informacioni n\u00eb k\u00ebt\u00eb faqe interneti ofrohet vet\u00ebm p\u00ebr q\u00ebllime t\u00eb p\u00ebrgjithshme informative dhe edukative dhe nuk \u00ebsht\u00eb nj\u00eb z\u00ebvend\u00ebsues i k\u00ebshillave profesionale. P\u00ebrpara se t\u00eb nd\u00ebrmerrni ndonj\u00eb veprim bazuar n\u00eb nj\u00eb informacion t\u00eb till\u00eb, ju inkurajojm\u00eb t\u00eb konsultoheni [&hellip;]","og_url":"http:\/\/uri.org.al\/sq\/mohim-i-pe\u0308rgjegje\u0308sise\u0308\/","og_site_name":"Urban Research Institute","article_publisher":"https:\/\/www.facebook.com\/UrbanResearchInstitute","article_modified_time":"2022-06-09T09:49:24+00:00","og_image":[{"width":1200,"height":675,"url":"https:\/\/uri.org.al\/wp-content\/uploads\/2024\/02\/seo-logo.png","type":"image\/png"}],"twitter_card":"summary_large_image","twitter_misc":{"Est. reading time":"1 minute"},"schema":{"@context":"https:\/\/schema.org","@graph":[{"@type":"WebPage","@id":"http:\/\/uri.org.al\/sq\/mohim-i-pe%cc%88rgjegje%cc%88sise%cc%88\/","url":"http:\/\/uri.org.al\/sq\/mohim-i-pe%cc%88rgjegje%cc%88sise%cc%88\/","name":"Mohim i Pe\u0308rgjegje\u0308sise\u0308 &#8226; Urban Research Institute","isPartOf":{"@id":"https:\/\/uri.org.al\/#website"},"datePublished":"2022-06-09T09:49:21+00:00","dateModified":"2022-06-09T09:49:24+00:00","breadcrumb":{"@id":"http:\/\/uri.org.al\/sq\/mohim-i-pe%cc%88rgjegje%cc%88sise%cc%88\/#breadcrumb"},"inLanguage":"sq-AL","potentialAction":[{"@type":"ReadAction","target":["http:\/\/uri.org.al\/sq\/mohim-i-pe%cc%88rgjegje%cc%88sise%cc%88\/"]}]},{"@type":"BreadcrumbList","@id":"http:\/\/uri.org.al\/sq\/mohim-i-pe%cc%88rgjegje%cc%88sise%cc%88\/#breadcrumb","itemListElement":[{"@type":"ListItem","position":1,"name":"Home","item":"https:\/\/uri.org.al\/sq\/"},{"@type":"ListItem","position":2,"name":"Mohim i Pe\u0308rgjegje\u0308sise\u0308"}]},{"@type":"WebSite","@id":"https:\/\/uri.org.al\/#website","url":"https:\/\/uri.org.al\/","name":"Urban Research Institute","description":"","publisher":{"@id":"https:\/\/uri.org.al\/#organization"},"potentialAction":[{"@type":"SearchAction","target":{"@type":"EntryPoint","urlTemplate":"https:\/\/uri.org.al\/?s={search_term_string}"},"query-input":{"@type":"PropertyValueSpecification","valueRequired":true,"valueName":"search_term_string"}}],"inLanguage":"sq-AL"},{"@type":"Organization","@id":"https:\/\/uri.org.al\/#organization","name":"Urban Research Institute","alternateName":"URI","url":"https:\/\/uri.org.al\/","logo":{"@type":"ImageObject","inLanguage":"sq-AL","@id":"https:\/\/uri.org.al\/#\/schema\/logo\/image\/","url":"https:\/\/uri.org.al\/wp-content\/uploads\/2024\/02\/square-logo-seo.png","contentUrl":"https:\/\/uri.org.al\/wp-content\/uploads\/2024\/02\/square-logo-seo.png","width":525,"height":525,"caption":"Urban Research Institute"},"image":{"@id":"https:\/\/uri.org.al\/#\/schema\/logo\/image\/"},"sameAs":["https:\/\/www.facebook.com\/UrbanResearchInstitute","https:\/\/www.instagram.com\/urban_research_institute\/","https:\/\/al.linkedin.com\/company\/urban-research-institute"]}]}},"_links":{"self":[{"href":"https:\/\/uri.org.al\/sq\/wp-json\/wp\/v2\/pages\/2802","targetHints":{"allow":["GET"]}}],"collection":[{"href":"https:\/\/uri.org.al\/sq\/wp-json\/wp\/v2\/pages"}],"about":[{"href":"https:\/\/uri.org.al\/sq\/wp-json\/wp\/v2\/types\/page"}],"author":[{"embeddable":true,"href":"https:\/\/uri.org.al\/sq\/wp-json\/wp\/v2\/users\/1"}],"replies":[{"embeddable":true,"href":"https:\/\/uri.org.al\/sq\/wp-json\/wp\/v2\/comments?post=2802"}],"version-history":[{"count":1,"href":"https:\/\/uri.org.al\/sq\/wp-json\/wp\/v2\/pages\/2802\/revisions"}],"predecessor-version":[{"id":2803,"href":"https:\/\/uri.org.al\/sq\/wp-json\/wp\/v2\/pages\/2802\/revisions\/2803"}],"wp:attachment":[{"href":"https:\/\/uri.org.al\/sq\/wp-json\/wp\/v2\/media?parent=2802"}],"curies":[{"name":"wp","href":"https:\/\/api.w.org\/{rel}","templated":true}]}}