{"id":940,"date":"2021-11-08T11:20:31","date_gmt":"2021-11-08T11:20:31","guid":{"rendered":"http:\/\/uri.org.al\/about-us\/"},"modified":"2026-02-04T11:38:21","modified_gmt":"2026-02-04T11:38:21","slug":"rreth-nesh","status":"publish","type":"page","link":"https:\/\/uri.org.al\/sq\/rreth-nesh\/","title":{"rendered":"Rreth Nesh"},"content":{"rendered":"\n<p>Instituti i K\u00ebrkimeve Urbane (IKU) \u00ebsht\u00eb nj\u00eb <strong>institut i pavarur k\u00ebrkimor<\/strong> q\u00eb heton problemet sociale dhe ekonomike me t\u00eb cilat p\u00ebrballet vendi, s\u00eb bashku me politikat e qeveris\u00eb qendrore dhe vendore t\u00eb hartuara p\u00ebr zgjidhjen e tyre. Misioni i IKU-t n\u00eb k\u00ebt\u00eb sip\u00ebrmarrje \u00ebsht\u00eb nd\u00ebrgjegj\u00ebsimi i shoq\u00ebris\u00eb dhe mprehja e t\u00eb menduarit kritik p\u00ebr k\u00ebto probleme dhe ndikimin e politikave qeveritare, me q\u00ebllim p\u00ebrfundimtar p\u00ebrmir\u00ebsimin e cil\u00ebsis\u00eb s\u00eb vendimmarrjes dhe zbatimit n\u00eb nivel qendror dhe vendor.<\/p>\n\n\n\n<p>Instituti i K\u00ebrkimeve Urbane \u00ebsht\u00eb nj\u00eb organizat\u00eb jofitimprur\u00ebse dhe joqeveritare e themeluar nga nj\u00eb grup profesionist\u00ebsh t\u00eb pavarur, i krijuar me Vendim t\u00eb Gjykat\u00ebs s\u00eb Tiran\u00ebs m\u00eb 28 maj 1999. Forumi m\u00eb i lart\u00eb \u00ebsht\u00eb Bordi i Trustit, i p\u00ebrfaq\u00ebsuar nga Drejtori Ekzekutiv, i cili zgjidhet nga Bordi. Struktura organizative p\u00ebrb\u00ebhet nga tre departamente kryesore: (I) Zhvillimi; (II) Hulumtimi; dhe (III) Financa dhe Administrata.<\/p>\n\n\n\n<p>Filozofia e p\u00ebrgjithshme e menaxhimit t\u00eb URI-s\u00eb \u00ebsht\u00eb decentralizimi i detyrave, autoritetit dhe p\u00ebrgjegj\u00ebsis\u00eb midis grupit t\u00eb ekspert\u00ebve. Grupi i ekspert\u00ebve p\u00ebrgatit projekt propozime, kryen k\u00ebrkime, zhvillon analiza dhe propozon zgjidhje. N\u00eb var\u00ebsi t\u00eb k\u00ebrkesave specifike t\u00eb klient\u00ebve dhe sh\u00ebrbimit t\u00eb k\u00ebrkuar, IKU bashk\u00ebpunon edhe me ekspert\u00eb me koh\u00eb t\u00eb pjesshme.<\/p>\n\n\n\n<p>Zyrat e IKU-t ndodhen n\u00eb qend\u00ebr t\u00eb Tiran\u00ebs, nd\u00ebrsa kontaktet me institucionet, ekspert\u00ebt dhe koordinator\u00ebt vendas jan\u00eb vendosur pothuajse n\u00eb t\u00eb gjith\u00eb vendin.<\/p>\n","protected":false},"excerpt":{"rendered":"<p>Instituti i K\u00ebrkimeve Urbane (IKU) \u00ebsht\u00eb nj\u00eb institut i pavarur k\u00ebrkimor q\u00eb heton problemet sociale dhe ekonomike me t\u00eb cilat p\u00ebrballet vendi, s\u00eb bashku me politikat e qeveris\u00eb qendrore dhe vendore t\u00eb hartuara p\u00ebr zgjidhjen e tyre. Misioni i IKU-t n\u00eb k\u00ebt\u00eb sip\u00ebrmarrje \u00ebsht\u00eb nd\u00ebrgjegj\u00ebsimi i shoq\u00ebris\u00eb dhe mprehja e t\u00eb menduarit kritik p\u00ebr k\u00ebto [&hellip;]<\/p>\n","protected":false},"author":1,"featured_media":900,"parent":0,"menu_order":0,"comment_status":"closed","ping_status":"closed","template":"page-about.php","meta":{"_acf_changed":false,"footnotes":""},"class_list":["post-940","page","type-page","status-publish","has-post-thumbnail","hentry"],"acf":[],"yoast_head":"<!-- This site is optimized with the Yoast SEO plugin v27.3 - https:\/\/yoast.com\/product\/yoast-seo-wordpress\/ -->\n<title>Rreth Nesh &#8226; Urban Research Institute<\/title>\n<meta name=\"robots\" content=\"index, follow, max-snippet:-1, max-image-preview:large, max-video-preview:-1\" \/>\n<link rel=\"canonical\" href=\"http:\/\/uri.org.al\/sq\/rreth-nesh\/\" \/>\n<meta property=\"og:locale\" content=\"sq_AL\" \/>\n<meta property=\"og:type\" content=\"article\" \/>\n<meta property=\"og:title\" content=\"Rreth Nesh &#8226; Urban Research Institute\" \/>\n<meta property=\"og:description\" content=\"Instituti i K\u00ebrkimeve Urbane (IKU) \u00ebsht\u00eb nj\u00eb institut i pavarur k\u00ebrkimor q\u00eb heton problemet sociale dhe ekonomike me t\u00eb cilat p\u00ebrballet vendi, s\u00eb bashku me politikat e qeveris\u00eb qendrore dhe vendore t\u00eb hartuara p\u00ebr zgjidhjen e tyre. Misioni i IKU-t n\u00eb k\u00ebt\u00eb sip\u00ebrmarrje \u00ebsht\u00eb nd\u00ebrgjegj\u00ebsimi i shoq\u00ebris\u00eb dhe mprehja e t\u00eb menduarit kritik p\u00ebr k\u00ebto [&hellip;]\" \/>\n<meta property=\"og:url\" content=\"http:\/\/uri.org.al\/sq\/rreth-nesh\/\" \/>\n<meta property=\"og:site_name\" content=\"Urban Research Institute\" \/>\n<meta property=\"article:publisher\" content=\"https:\/\/www.facebook.com\/UrbanResearchInstitute\" \/>\n<meta property=\"article:modified_time\" content=\"2026-02-04T11:38:21+00:00\" \/>\n<meta property=\"og:image\" content=\"http:\/\/uri.org.al\/wp-content\/uploads\/2021\/11\/img7-e1652347551105.jpeg\" \/>\n\t<meta property=\"og:image:width\" content=\"1695\" \/>\n\t<meta property=\"og:image:height\" content=\"520\" \/>\n\t<meta property=\"og:image:type\" content=\"image\/jpeg\" \/>\n<meta name=\"twitter:card\" content=\"summary_large_image\" \/>\n<meta name=\"twitter:label1\" content=\"Est. reading time\" \/>\n\t<meta name=\"twitter:data1\" content=\"2 minutes\" \/>\n<script type=\"application\/ld+json\" class=\"yoast-schema-graph\">{\"@context\":\"https:\\\/\\\/schema.org\",\"@graph\":[{\"@type\":\"WebPage\",\"@id\":\"http:\\\/\\\/uri.org.al\\\/sq\\\/rreth-nesh\\\/\",\"url\":\"http:\\\/\\\/uri.org.al\\\/sq\\\/rreth-nesh\\\/\",\"name\":\"Rreth Nesh &#8226; Urban Research Institute\",\"isPartOf\":{\"@id\":\"https:\\\/\\\/uri.org.al\\\/#website\"},\"primaryImageOfPage\":{\"@id\":\"http:\\\/\\\/uri.org.al\\\/sq\\\/rreth-nesh\\\/#primaryimage\"},\"image\":{\"@id\":\"http:\\\/\\\/uri.org.al\\\/sq\\\/rreth-nesh\\\/#primaryimage\"},\"thumbnailUrl\":\"https:\\\/\\\/uri.org.al\\\/wp-content\\\/uploads\\\/2021\\\/11\\\/img7-e1652347551105.jpeg\",\"datePublished\":\"2021-11-08T11:20:31+00:00\",\"dateModified\":\"2026-02-04T11:38:21+00:00\",\"breadcrumb\":{\"@id\":\"http:\\\/\\\/uri.org.al\\\/sq\\\/rreth-nesh\\\/#breadcrumb\"},\"inLanguage\":\"sq-AL\",\"potentialAction\":[{\"@type\":\"ReadAction\",\"target\":[\"http:\\\/\\\/uri.org.al\\\/sq\\\/rreth-nesh\\\/\"]}]},{\"@type\":\"ImageObject\",\"inLanguage\":\"sq-AL\",\"@id\":\"http:\\\/\\\/uri.org.al\\\/sq\\\/rreth-nesh\\\/#primaryimage\",\"url\":\"https:\\\/\\\/uri.org.al\\\/wp-content\\\/uploads\\\/2021\\\/11\\\/img7-e1652347551105.jpeg\",\"contentUrl\":\"https:\\\/\\\/uri.org.al\\\/wp-content\\\/uploads\\\/2021\\\/11\\\/img7-e1652347551105.jpeg\",\"width\":1695,\"height\":520},{\"@type\":\"BreadcrumbList\",\"@id\":\"http:\\\/\\\/uri.org.al\\\/sq\\\/rreth-nesh\\\/#breadcrumb\",\"itemListElement\":[{\"@type\":\"ListItem\",\"position\":1,\"name\":\"Home\",\"item\":\"https:\\\/\\\/uri.org.al\\\/sq\\\/\"},{\"@type\":\"ListItem\",\"position\":2,\"name\":\"Rreth Nesh\"}]},{\"@type\":\"WebSite\",\"@id\":\"https:\\\/\\\/uri.org.al\\\/#website\",\"url\":\"https:\\\/\\\/uri.org.al\\\/\",\"name\":\"Urban Research Institute\",\"description\":\"\",\"publisher\":{\"@id\":\"https:\\\/\\\/uri.org.al\\\/#organization\"},\"potentialAction\":[{\"@type\":\"SearchAction\",\"target\":{\"@type\":\"EntryPoint\",\"urlTemplate\":\"https:\\\/\\\/uri.org.al\\\/?s={search_term_string}\"},\"query-input\":{\"@type\":\"PropertyValueSpecification\",\"valueRequired\":true,\"valueName\":\"search_term_string\"}}],\"inLanguage\":\"sq-AL\"},{\"@type\":\"Organization\",\"@id\":\"https:\\\/\\\/uri.org.al\\\/#organization\",\"name\":\"Urban Research Institute\",\"alternateName\":\"URI\",\"url\":\"https:\\\/\\\/uri.org.al\\\/\",\"logo\":{\"@type\":\"ImageObject\",\"inLanguage\":\"sq-AL\",\"@id\":\"https:\\\/\\\/uri.org.al\\\/#\\\/schema\\\/logo\\\/image\\\/\",\"url\":\"https:\\\/\\\/uri.org.al\\\/wp-content\\\/uploads\\\/2024\\\/02\\\/square-logo-seo.png\",\"contentUrl\":\"https:\\\/\\\/uri.org.al\\\/wp-content\\\/uploads\\\/2024\\\/02\\\/square-logo-seo.png\",\"width\":525,\"height\":525,\"caption\":\"Urban Research Institute\"},\"image\":{\"@id\":\"https:\\\/\\\/uri.org.al\\\/#\\\/schema\\\/logo\\\/image\\\/\"},\"sameAs\":[\"https:\\\/\\\/www.facebook.com\\\/UrbanResearchInstitute\",\"https:\\\/\\\/www.instagram.com\\\/urban_research_institute\\\/\",\"https:\\\/\\\/al.linkedin.com\\\/company\\\/urban-research-institute\"]}]}<\/script>\n<!-- \/ Yoast SEO plugin. -->","yoast_head_json":{"title":"Rreth Nesh &#8226; Urban Research Institute","robots":{"index":"index","follow":"follow","max-snippet":"max-snippet:-1","max-image-preview":"max-image-preview:large","max-video-preview":"max-video-preview:-1"},"canonical":"http:\/\/uri.org.al\/sq\/rreth-nesh\/","og_locale":"sq_AL","og_type":"article","og_title":"Rreth Nesh &#8226; Urban Research Institute","og_description":"Instituti i K\u00ebrkimeve Urbane (IKU) \u00ebsht\u00eb nj\u00eb institut i pavarur k\u00ebrkimor q\u00eb heton problemet sociale dhe ekonomike me t\u00eb cilat p\u00ebrballet vendi, s\u00eb bashku me politikat e qeveris\u00eb qendrore dhe vendore t\u00eb hartuara p\u00ebr zgjidhjen e tyre. Misioni i IKU-t n\u00eb k\u00ebt\u00eb sip\u00ebrmarrje \u00ebsht\u00eb nd\u00ebrgjegj\u00ebsimi i shoq\u00ebris\u00eb dhe mprehja e t\u00eb menduarit kritik p\u00ebr k\u00ebto [&hellip;]","og_url":"http:\/\/uri.org.al\/sq\/rreth-nesh\/","og_site_name":"Urban Research Institute","article_publisher":"https:\/\/www.facebook.com\/UrbanResearchInstitute","article_modified_time":"2026-02-04T11:38:21+00:00","og_image":[{"width":1695,"height":520,"url":"http:\/\/uri.org.al\/wp-content\/uploads\/2021\/11\/img7-e1652347551105.jpeg","type":"image\/jpeg"}],"twitter_card":"summary_large_image","twitter_misc":{"Est. reading time":"2 minutes"},"schema":{"@context":"https:\/\/schema.org","@graph":[{"@type":"WebPage","@id":"http:\/\/uri.org.al\/sq\/rreth-nesh\/","url":"http:\/\/uri.org.al\/sq\/rreth-nesh\/","name":"Rreth Nesh &#8226; Urban Research Institute","isPartOf":{"@id":"https:\/\/uri.org.al\/#website"},"primaryImageOfPage":{"@id":"http:\/\/uri.org.al\/sq\/rreth-nesh\/#primaryimage"},"image":{"@id":"http:\/\/uri.org.al\/sq\/rreth-nesh\/#primaryimage"},"thumbnailUrl":"https:\/\/uri.org.al\/wp-content\/uploads\/2021\/11\/img7-e1652347551105.jpeg","datePublished":"2021-11-08T11:20:31+00:00","dateModified":"2026-02-04T11:38:21+00:00","breadcrumb":{"@id":"http:\/\/uri.org.al\/sq\/rreth-nesh\/#breadcrumb"},"inLanguage":"sq-AL","potentialAction":[{"@type":"ReadAction","target":["http:\/\/uri.org.al\/sq\/rreth-nesh\/"]}]},{"@type":"ImageObject","inLanguage":"sq-AL","@id":"http:\/\/uri.org.al\/sq\/rreth-nesh\/#primaryimage","url":"https:\/\/uri.org.al\/wp-content\/uploads\/2021\/11\/img7-e1652347551105.jpeg","contentUrl":"https:\/\/uri.org.al\/wp-content\/uploads\/2021\/11\/img7-e1652347551105.jpeg","width":1695,"height":520},{"@type":"BreadcrumbList","@id":"http:\/\/uri.org.al\/sq\/rreth-nesh\/#breadcrumb","itemListElement":[{"@type":"ListItem","position":1,"name":"Home","item":"https:\/\/uri.org.al\/sq\/"},{"@type":"ListItem","position":2,"name":"Rreth Nesh"}]},{"@type":"WebSite","@id":"https:\/\/uri.org.al\/#website","url":"https:\/\/uri.org.al\/","name":"Urban Research Institute","description":"","publisher":{"@id":"https:\/\/uri.org.al\/#organization"},"potentialAction":[{"@type":"SearchAction","target":{"@type":"EntryPoint","urlTemplate":"https:\/\/uri.org.al\/?s={search_term_string}"},"query-input":{"@type":"PropertyValueSpecification","valueRequired":true,"valueName":"search_term_string"}}],"inLanguage":"sq-AL"},{"@type":"Organization","@id":"https:\/\/uri.org.al\/#organization","name":"Urban Research Institute","alternateName":"URI","url":"https:\/\/uri.org.al\/","logo":{"@type":"ImageObject","inLanguage":"sq-AL","@id":"https:\/\/uri.org.al\/#\/schema\/logo\/image\/","url":"https:\/\/uri.org.al\/wp-content\/uploads\/2024\/02\/square-logo-seo.png","contentUrl":"https:\/\/uri.org.al\/wp-content\/uploads\/2024\/02\/square-logo-seo.png","width":525,"height":525,"caption":"Urban Research Institute"},"image":{"@id":"https:\/\/uri.org.al\/#\/schema\/logo\/image\/"},"sameAs":["https:\/\/www.facebook.com\/UrbanResearchInstitute","https:\/\/www.instagram.com\/urban_research_institute\/","https:\/\/al.linkedin.com\/company\/urban-research-institute"]}]}},"_links":{"self":[{"href":"https:\/\/uri.org.al\/sq\/wp-json\/wp\/v2\/pages\/940","targetHints":{"allow":["GET"]}}],"collection":[{"href":"https:\/\/uri.org.al\/sq\/wp-json\/wp\/v2\/pages"}],"about":[{"href":"https:\/\/uri.org.al\/sq\/wp-json\/wp\/v2\/types\/page"}],"author":[{"embeddable":true,"href":"https:\/\/uri.org.al\/sq\/wp-json\/wp\/v2\/users\/1"}],"replies":[{"embeddable":true,"href":"https:\/\/uri.org.al\/sq\/wp-json\/wp\/v2\/comments?post=940"}],"version-history":[{"count":28,"href":"https:\/\/uri.org.al\/sq\/wp-json\/wp\/v2\/pages\/940\/revisions"}],"predecessor-version":[{"id":4415,"href":"https:\/\/uri.org.al\/sq\/wp-json\/wp\/v2\/pages\/940\/revisions\/4415"}],"wp:featuredmedia":[{"embeddable":true,"href":"https:\/\/uri.org.al\/sq\/wp-json\/wp\/v2\/media\/900"}],"wp:attachment":[{"href":"https:\/\/uri.org.al\/sq\/wp-json\/wp\/v2\/media?parent=940"}],"curies":[{"name":"wp","href":"https:\/\/api.w.org\/{rel}","templated":true}]}}